{"id":31,"date":"2025-07-31T14:58:48","date_gmt":"2025-07-31T12:58:48","guid":{"rendered":"https:\/\/themify.me\/demo\/themes\/ultra-horizontal\/?post_type=product&#038;p=272"},"modified":"2025-07-31T14:58:45","modified_gmt":"2025-07-31T12:58:45","slug":"dyfuzor-zapachowy-balans","status":"publish","type":"product","link":"https:\/\/thealloy.pl\/eng\/product\/dyfuzor-zapachowy-balans\/","title":{"rendered":"No.4 Balans"},"content":{"rendered":"<div class=\"thealloy-scent-wrapper\"><span class=\"scent-label\">Intensywno\u015b\u0107 zapachu:<\/span><div class=\"thealloy-scent-display\"><div class=\"scent-box active\">1<\/div><div class=\"scent-box active\">2<\/div><div class=\"scent-box active\">3<\/div><div class=\"scent-box active\">4<\/div><div class=\"scent-box active\">5<\/div><div class=\"scent-box\">6<\/div><\/div><\/div>\n<p><span class=\"Y2IQFc\" lang=\"en\">Wolne od ftalan\u00f3w i paraben\u00f3w.<\/span><\/p>\n<p><strong>Wyprodukowane w Polsce<\/strong><\/p>","protected":false},"excerpt":{"rendered":"<p id=\"tw-target-text\" class=\"tw-data-text tw-text-large tw-ta\" dir=\"ltr\" data-placeholder=\"Translation\"><span class=\"Y2IQFc\" lang=\"pl\"><strong>Aromatyczny dyfuzor powietrza o g\u0142\u0119bokim zapachu paczuli i nutach drzewnych<\/strong><\/span><\/p>\n<p class=\"tw-data-text tw-text-large tw-ta\" dir=\"ltr\" data-placeholder=\"Translation\"><span class=\"Y2IQFc\" lang=\"pl\">Ta romantyczna mieszanka perfum o wysmakowanym charakterze otuli Ci\u0119 relaksuj\u0105cym aromatem i nada wn\u0119trzu niepowtarzalnego nastroju. Patchouli &amp; Woods wprowadza atmosfer\u0119 harmonii i spokoju. Patyczki rattanowe uwalniaj\u0105 aromat, kt\u00f3ry utrzymuje si\u0119 w pomieszczeniu przez oko\u0142o 4 tygodnie.<\/span><\/p>","protected":false},"featured_media":1603,"template":"","meta":[],"product_brand":[],"product_cat":[36,29],"product_tag":[],"class_list":{"0":"post-31","1":"product","2":"type-product","3":"status-publish","4":"has-post-thumbnail","6":"product_cat-drzewne","7":"product_cat-dyfuzory-zapachowe","9":"first","10":"instock","11":"taxable","12":"shipping-taxable","13":"purchasable","14":"product-type-simple"},"yoast_head":"<!-- This site is optimized with the Yoast SEO plugin v27.2 - https:\/\/yoast.com\/product\/yoast-seo-wordpress\/ -->\n<title>No.4 Balans - The Alloy<\/title>\n<meta name=\"robots\" content=\"index, follow, max-snippet:-1, max-image-preview:large, max-video-preview:-1\" \/>\n<link rel=\"canonical\" href=\"https:\/\/thealloy.pl\/eng\/product\/dyfuzor-zapachowy-balans\/\" \/>\n<meta property=\"og:locale\" content=\"en_GB\" \/>\n<meta property=\"og:type\" content=\"article\" \/>\n<meta property=\"og:title\" content=\"No.4 Balans - The Alloy\" \/>\n<meta property=\"og:description\" content=\"Aromatyczny dyfuzor powietrza o g\u0142\u0119bokim zapachu paczuli i nutach drzewnych Ta romantyczna mieszanka perfum o wysmakowanym charakterze otuli Ci\u0119 relaksuj\u0105cym aromatem i nada wn\u0119trzu niepowtarzalnego nastroju. Patchouli &amp; Woods wprowadza atmosfer\u0119 harmonii i spokoju. Patyczki rattanowe uwalniaj\u0105 aromat, kt\u00f3ry utrzymuje si\u0119 w pomieszczeniu przez oko\u0142o 4 tygodnie.\" \/>\n<meta property=\"og:url\" content=\"https:\/\/thealloy.pl\/eng\/product\/dyfuzor-zapachowy-balans\/\" \/>\n<meta property=\"og:site_name\" content=\"The Alloy\" \/>\n<meta property=\"og:image\" content=\"https:\/\/thealloy.pl\/wp-content\/uploads\/2025\/07\/dyfuzor-zapachowy-balans-.webp\" \/>\n\t<meta property=\"og:image:width\" content=\"1920\" \/>\n\t<meta property=\"og:image:height\" content=\"1931\" \/>\n\t<meta property=\"og:image:type\" content=\"image\/webp\" \/>\n<meta name=\"twitter:card\" content=\"summary_large_image\" \/>\n<script type=\"application\/ld+json\" class=\"yoast-schema-graph\">{\"@context\":\"https:\/\/schema.org\",\"@graph\":[{\"@type\":\"WebPage\",\"@id\":\"https:\/\/thealloy.pl\/eng\/product\/dyfuzor-zapachowy-balans\/\",\"url\":\"https:\/\/thealloy.pl\/eng\/product\/dyfuzor-zapachowy-balans\/\",\"name\":\"No.4 Balans - The Alloy\",\"isPartOf\":{\"@id\":\"https:\/\/thealloy.pl\/eng\/#website\"},\"primaryImageOfPage\":{\"@id\":\"https:\/\/thealloy.pl\/eng\/product\/dyfuzor-zapachowy-balans\/#primaryimage\"},\"image\":{\"@id\":\"https:\/\/thealloy.pl\/eng\/product\/dyfuzor-zapachowy-balans\/#primaryimage\"},\"thumbnailUrl\":\"https:\/\/thealloy.pl\/wp-content\/uploads\/2025\/07\/dyfuzor-zapachowy-balans-.webp\",\"datePublished\":\"2025-07-31T12:58:48+00:00\",\"breadcrumb\":{\"@id\":\"https:\/\/thealloy.pl\/eng\/product\/dyfuzor-zapachowy-balans\/#breadcrumb\"},\"inLanguage\":\"en-GB\",\"potentialAction\":[{\"@type\":\"ReadAction\",\"target\":[\"https:\/\/thealloy.pl\/eng\/product\/dyfuzor-zapachowy-balans\/\"]}]},{\"@type\":\"ImageObject\",\"inLanguage\":\"en-GB\",\"@id\":\"https:\/\/thealloy.pl\/eng\/product\/dyfuzor-zapachowy-balans\/#primaryimage\",\"url\":\"https:\/\/thealloy.pl\/wp-content\/uploads\/2025\/07\/dyfuzor-zapachowy-balans-.webp\",\"contentUrl\":\"https:\/\/thealloy.pl\/wp-content\/uploads\/2025\/07\/dyfuzor-zapachowy-balans-.webp\",\"width\":1920,\"height\":1931},{\"@type\":\"BreadcrumbList\",\"@id\":\"https:\/\/thealloy.pl\/eng\/product\/dyfuzor-zapachowy-balans\/#breadcrumb\",\"itemListElement\":[{\"@type\":\"ListItem\",\"position\":1,\"name\":\"Strona g\u0142\u00f3wna\",\"item\":\"https:\/\/thealloy.pl\/\"},{\"@type\":\"ListItem\",\"position\":2,\"name\":\"Products\",\"item\":\"https:\/\/thealloy.pl\/eng\/shop\/\"},{\"@type\":\"ListItem\",\"position\":3,\"name\":\"No.4 Balans\"}]},{\"@type\":\"WebSite\",\"@id\":\"https:\/\/thealloy.pl\/eng\/#website\",\"url\":\"https:\/\/thealloy.pl\/eng\/\",\"name\":\"The Alloy\",\"description\":\"Perfumy do pomieszcze\u0144\",\"potentialAction\":[{\"@type\":\"SearchAction\",\"target\":{\"@type\":\"EntryPoint\",\"urlTemplate\":\"https:\/\/thealloy.pl\/eng\/?s={search_term_string}\"},\"query-input\":{\"@type\":\"PropertyValueSpecification\",\"valueRequired\":true,\"valueName\":\"search_term_string\"}}],\"inLanguage\":\"en-GB\"}]}<\/script>\n<!-- \/ Yoast SEO plugin. -->","yoast_head_json":{"title":"No.4 Balans - The Alloy","robots":{"index":"index","follow":"follow","max-snippet":"max-snippet:-1","max-image-preview":"max-image-preview:large","max-video-preview":"max-video-preview:-1"},"canonical":"https:\/\/thealloy.pl\/eng\/product\/dyfuzor-zapachowy-balans\/","og_locale":"en_GB","og_type":"article","og_title":"No.4 Balans - The Alloy","og_description":"Aromatyczny dyfuzor powietrza o g\u0142\u0119bokim zapachu paczuli i nutach drzewnych Ta romantyczna mieszanka perfum o wysmakowanym charakterze otuli Ci\u0119 relaksuj\u0105cym aromatem i nada wn\u0119trzu niepowtarzalnego nastroju. Patchouli &amp; Woods wprowadza atmosfer\u0119 harmonii i spokoju. Patyczki rattanowe uwalniaj\u0105 aromat, kt\u00f3ry utrzymuje si\u0119 w pomieszczeniu przez oko\u0142o 4 tygodnie.","og_url":"https:\/\/thealloy.pl\/eng\/product\/dyfuzor-zapachowy-balans\/","og_site_name":"The Alloy","og_image":[{"width":1920,"height":1931,"url":"https:\/\/thealloy.pl\/wp-content\/uploads\/2025\/07\/dyfuzor-zapachowy-balans-.webp","type":"image\/webp"}],"twitter_card":"summary_large_image","schema":{"@context":"https:\/\/schema.org","@graph":[{"@type":"WebPage","@id":"https:\/\/thealloy.pl\/eng\/product\/dyfuzor-zapachowy-balans\/","url":"https:\/\/thealloy.pl\/eng\/product\/dyfuzor-zapachowy-balans\/","name":"No.4 Balans - The Alloy","isPartOf":{"@id":"https:\/\/thealloy.pl\/eng\/#website"},"primaryImageOfPage":{"@id":"https:\/\/thealloy.pl\/eng\/product\/dyfuzor-zapachowy-balans\/#primaryimage"},"image":{"@id":"https:\/\/thealloy.pl\/eng\/product\/dyfuzor-zapachowy-balans\/#primaryimage"},"thumbnailUrl":"https:\/\/thealloy.pl\/wp-content\/uploads\/2025\/07\/dyfuzor-zapachowy-balans-.webp","datePublished":"2025-07-31T12:58:48+00:00","breadcrumb":{"@id":"https:\/\/thealloy.pl\/eng\/product\/dyfuzor-zapachowy-balans\/#breadcrumb"},"inLanguage":"en-GB","potentialAction":[{"@type":"ReadAction","target":["https:\/\/thealloy.pl\/eng\/product\/dyfuzor-zapachowy-balans\/"]}]},{"@type":"ImageObject","inLanguage":"en-GB","@id":"https:\/\/thealloy.pl\/eng\/product\/dyfuzor-zapachowy-balans\/#primaryimage","url":"https:\/\/thealloy.pl\/wp-content\/uploads\/2025\/07\/dyfuzor-zapachowy-balans-.webp","contentUrl":"https:\/\/thealloy.pl\/wp-content\/uploads\/2025\/07\/dyfuzor-zapachowy-balans-.webp","width":1920,"height":1931},{"@type":"BreadcrumbList","@id":"https:\/\/thealloy.pl\/eng\/product\/dyfuzor-zapachowy-balans\/#breadcrumb","itemListElement":[{"@type":"ListItem","position":1,"name":"Strona g\u0142\u00f3wna","item":"https:\/\/thealloy.pl\/"},{"@type":"ListItem","position":2,"name":"Products","item":"https:\/\/thealloy.pl\/eng\/shop\/"},{"@type":"ListItem","position":3,"name":"No.4 Balans"}]},{"@type":"WebSite","@id":"https:\/\/thealloy.pl\/eng\/#website","url":"https:\/\/thealloy.pl\/eng\/","name":"The Alloy","description":"Perfumy do pomieszcze\u0144","potentialAction":[{"@type":"SearchAction","target":{"@type":"EntryPoint","urlTemplate":"https:\/\/thealloy.pl\/eng\/?s={search_term_string}"},"query-input":{"@type":"PropertyValueSpecification","valueRequired":true,"valueName":"search_term_string"}}],"inLanguage":"en-GB"}]}},"_links":{"self":[{"href":"https:\/\/thealloy.pl\/eng\/wp-json\/wp\/v2\/product\/31","targetHints":{"allow":["GET"]}}],"collection":[{"href":"https:\/\/thealloy.pl\/eng\/wp-json\/wp\/v2\/product"}],"about":[{"href":"https:\/\/thealloy.pl\/eng\/wp-json\/wp\/v2\/types\/product"}],"version-history":[{"count":0,"href":"https:\/\/thealloy.pl\/eng\/wp-json\/wp\/v2\/product\/31\/revisions"}],"wp:featuredmedia":[{"embeddable":true,"href":"https:\/\/thealloy.pl\/eng\/wp-json\/wp\/v2\/media\/1603"}],"wp:attachment":[{"href":"https:\/\/thealloy.pl\/eng\/wp-json\/wp\/v2\/media?parent=31"}],"wp:term":[{"taxonomy":"product_brand","embeddable":true,"href":"https:\/\/thealloy.pl\/eng\/wp-json\/wp\/v2\/product_brand?post=31"},{"taxonomy":"product_cat","embeddable":true,"href":"https:\/\/thealloy.pl\/eng\/wp-json\/wp\/v2\/product_cat?post=31"},{"taxonomy":"product_tag","embeddable":true,"href":"https:\/\/thealloy.pl\/eng\/wp-json\/wp\/v2\/product_tag?post=31"}],"curies":[{"name":"wp","href":"https:\/\/api.w.org\/{rel}","templated":true}]}}