{"id":30,"date":"2025-07-31T14:57:38","date_gmt":"2025-07-31T12:57:38","guid":{"rendered":"https:\/\/themify.me\/demo\/themes\/ultra-horizontal\/?post_type=product&#038;p=280"},"modified":"2025-07-31T14:58:58","modified_gmt":"2025-07-31T12:58:58","slug":"dyfuzor-zapachowy-rozkosz","status":"publish","type":"product","link":"https:\/\/thealloy.pl\/eng\/product\/dyfuzor-zapachowy-rozkosz\/","title":{"rendered":"No.3 Rozkosz"},"content":{"rendered":"<div class=\"thealloy-scent-wrapper\"><span class=\"scent-label\">Intensywno\u015b\u0107 zapachu:<\/span><div class=\"thealloy-scent-display\"><div class=\"scent-box active\">1<\/div><div class=\"scent-box active\">2<\/div><div class=\"scent-box active\">3<\/div><div class=\"scent-box active\">4<\/div><div class=\"scent-box active\">5<\/div><div class=\"scent-box active\">6<\/div><\/div><\/div>\n<p>Wolne od ftalan\u00f3w i paraben\u00f3w.<\/p>\n<p><strong>Wyprodukowano w Polsce<\/strong><\/p>","protected":false},"excerpt":{"rendered":"<p><strong>Aromatyczny dyfuzor zapachowy o kusz\u0105cym, orientalnym\u00a0zapachu<\/strong><\/p>\n<p>Subtelne perfumy, kt\u00f3re otul\u0105 Ci\u0119 sensualn\u0105 woni\u0105 orientu i oczaruj\u0105 wyrafinowanym kwiatowym aromatem. Zmys\u0142owy zapach czarnej orchidei nada\u00a0wn\u0119trzu charakteru,\u00a0wprowadzi do Twojego otoczenia powiew elegancji i nutk\u0119 tajemnicy.<\/p>\n<p>Patyczki rattanowe uwalniaj\u0105 aromat, kt\u00f3ry b\u0119dzie unosi\u0142 si\u0119 w pomieszczeniu przez ok. 4 tygodnie.<\/p>","protected":false},"featured_media":1599,"template":"","meta":[],"product_brand":[],"product_cat":[29,38],"product_tag":[],"class_list":{"0":"post-30","1":"product","2":"type-product","3":"status-publish","4":"has-post-thumbnail","6":"product_cat-dyfuzory-zapachowe","7":"product_cat-orientalne","9":"first","10":"instock","11":"taxable","12":"shipping-taxable","13":"purchasable","14":"product-type-simple"},"yoast_head":"<!-- This site is optimized with the Yoast SEO plugin v27.2 - https:\/\/yoast.com\/product\/yoast-seo-wordpress\/ -->\n<title>No.3 Rozkosz - The Alloy<\/title>\n<meta name=\"robots\" content=\"index, follow, max-snippet:-1, max-image-preview:large, max-video-preview:-1\" \/>\n<link rel=\"canonical\" href=\"https:\/\/thealloy.pl\/eng\/product\/dyfuzor-zapachowy-rozkosz\/\" \/>\n<meta property=\"og:locale\" content=\"en_GB\" \/>\n<meta property=\"og:type\" content=\"article\" \/>\n<meta property=\"og:title\" content=\"No.3 Rozkosz - The Alloy\" \/>\n<meta property=\"og:description\" content=\"Aromatyczny dyfuzor zapachowy o kusz\u0105cym, orientalnym\u00a0zapachu  Subtelne perfumy, kt\u00f3re otul\u0105 Ci\u0119 sensualn\u0105 woni\u0105 orientu i oczaruj\u0105 wyrafinowanym kwiatowym aromatem. Zmys\u0142owy zapach czarnej orchidei nada\u00a0wn\u0119trzu charakteru,\u00a0wprowadzi do Twojego otoczenia powiew elegancji i nutk\u0119 tajemnicy.  Patyczki rattanowe uwalniaj\u0105 aromat, kt\u00f3ry b\u0119dzie unosi\u0142 si\u0119 w pomieszczeniu przez ok. 4 tygodnie.\" \/>\n<meta property=\"og:url\" content=\"https:\/\/thealloy.pl\/eng\/product\/dyfuzor-zapachowy-rozkosz\/\" \/>\n<meta property=\"og:site_name\" content=\"The Alloy\" \/>\n<meta property=\"article:modified_time\" content=\"2025-07-31T12:58:58+00:00\" \/>\n<meta property=\"og:image\" content=\"https:\/\/thealloy.pl\/wp-content\/uploads\/2025\/07\/dyfuzor-zapachowy-rozkosz.webp\" \/>\n\t<meta property=\"og:image:width\" content=\"1920\" \/>\n\t<meta property=\"og:image:height\" content=\"1931\" \/>\n\t<meta property=\"og:image:type\" content=\"image\/webp\" \/>\n<meta name=\"twitter:card\" content=\"summary_large_image\" \/>\n<script type=\"application\/ld+json\" class=\"yoast-schema-graph\">{\"@context\":\"https:\/\/schema.org\",\"@graph\":[{\"@type\":\"WebPage\",\"@id\":\"https:\/\/thealloy.pl\/produkt\/dyfuzor-zapachowy-rozkosz\/\",\"url\":\"https:\/\/thealloy.pl\/produkt\/dyfuzor-zapachowy-rozkosz\/\",\"name\":\"No.3 Rozkosz - The Alloy\",\"isPartOf\":{\"@id\":\"https:\/\/thealloy.pl\/eng\/#website\"},\"primaryImageOfPage\":{\"@id\":\"https:\/\/thealloy.pl\/produkt\/dyfuzor-zapachowy-rozkosz\/#primaryimage\"},\"image\":{\"@id\":\"https:\/\/thealloy.pl\/produkt\/dyfuzor-zapachowy-rozkosz\/#primaryimage\"},\"thumbnailUrl\":\"https:\/\/thealloy.pl\/wp-content\/uploads\/2025\/07\/dyfuzor-zapachowy-rozkosz.webp\",\"datePublished\":\"2025-07-31T12:57:38+00:00\",\"dateModified\":\"2025-07-31T12:58:58+00:00\",\"breadcrumb\":{\"@id\":\"https:\/\/thealloy.pl\/produkt\/dyfuzor-zapachowy-rozkosz\/#breadcrumb\"},\"inLanguage\":\"en-GB\",\"potentialAction\":[{\"@type\":\"ReadAction\",\"target\":[\"https:\/\/thealloy.pl\/produkt\/dyfuzor-zapachowy-rozkosz\/\"]}]},{\"@type\":\"ImageObject\",\"inLanguage\":\"en-GB\",\"@id\":\"https:\/\/thealloy.pl\/produkt\/dyfuzor-zapachowy-rozkosz\/#primaryimage\",\"url\":\"https:\/\/thealloy.pl\/wp-content\/uploads\/2025\/07\/dyfuzor-zapachowy-rozkosz.webp\",\"contentUrl\":\"https:\/\/thealloy.pl\/wp-content\/uploads\/2025\/07\/dyfuzor-zapachowy-rozkosz.webp\",\"width\":1920,\"height\":1931},{\"@type\":\"BreadcrumbList\",\"@id\":\"https:\/\/thealloy.pl\/produkt\/dyfuzor-zapachowy-rozkosz\/#breadcrumb\",\"itemListElement\":[{\"@type\":\"ListItem\",\"position\":1,\"name\":\"Strona g\u0142\u00f3wna\",\"item\":\"https:\/\/thealloy.pl\/\"},{\"@type\":\"ListItem\",\"position\":2,\"name\":\"Products\",\"item\":\"https:\/\/thealloy.pl\/eng\/shop\/\"},{\"@type\":\"ListItem\",\"position\":3,\"name\":\"No.3 Rozkosz\"}]},{\"@type\":\"WebSite\",\"@id\":\"https:\/\/thealloy.pl\/eng\/#website\",\"url\":\"https:\/\/thealloy.pl\/eng\/\",\"name\":\"The Alloy\",\"description\":\"Perfumy do pomieszcze\u0144\",\"potentialAction\":[{\"@type\":\"SearchAction\",\"target\":{\"@type\":\"EntryPoint\",\"urlTemplate\":\"https:\/\/thealloy.pl\/eng\/?s={search_term_string}\"},\"query-input\":{\"@type\":\"PropertyValueSpecification\",\"valueRequired\":true,\"valueName\":\"search_term_string\"}}],\"inLanguage\":\"en-GB\"}]}<\/script>\n<!-- \/ Yoast SEO plugin. -->","yoast_head_json":{"title":"No.3 Rozkosz - The Alloy","robots":{"index":"index","follow":"follow","max-snippet":"max-snippet:-1","max-image-preview":"max-image-preview:large","max-video-preview":"max-video-preview:-1"},"canonical":"https:\/\/thealloy.pl\/eng\/product\/dyfuzor-zapachowy-rozkosz\/","og_locale":"en_GB","og_type":"article","og_title":"No.3 Rozkosz - The Alloy","og_description":"Aromatyczny dyfuzor zapachowy o kusz\u0105cym, orientalnym\u00a0zapachu  Subtelne perfumy, kt\u00f3re otul\u0105 Ci\u0119 sensualn\u0105 woni\u0105 orientu i oczaruj\u0105 wyrafinowanym kwiatowym aromatem. Zmys\u0142owy zapach czarnej orchidei nada\u00a0wn\u0119trzu charakteru,\u00a0wprowadzi do Twojego otoczenia powiew elegancji i nutk\u0119 tajemnicy.  Patyczki rattanowe uwalniaj\u0105 aromat, kt\u00f3ry b\u0119dzie unosi\u0142 si\u0119 w pomieszczeniu przez ok. 4 tygodnie.","og_url":"https:\/\/thealloy.pl\/eng\/product\/dyfuzor-zapachowy-rozkosz\/","og_site_name":"The Alloy","article_modified_time":"2025-07-31T12:58:58+00:00","og_image":[{"width":1920,"height":1931,"url":"https:\/\/thealloy.pl\/wp-content\/uploads\/2025\/07\/dyfuzor-zapachowy-rozkosz.webp","type":"image\/webp"}],"twitter_card":"summary_large_image","schema":{"@context":"https:\/\/schema.org","@graph":[{"@type":"WebPage","@id":"https:\/\/thealloy.pl\/produkt\/dyfuzor-zapachowy-rozkosz\/","url":"https:\/\/thealloy.pl\/produkt\/dyfuzor-zapachowy-rozkosz\/","name":"No.3 Rozkosz - The Alloy","isPartOf":{"@id":"https:\/\/thealloy.pl\/eng\/#website"},"primaryImageOfPage":{"@id":"https:\/\/thealloy.pl\/produkt\/dyfuzor-zapachowy-rozkosz\/#primaryimage"},"image":{"@id":"https:\/\/thealloy.pl\/produkt\/dyfuzor-zapachowy-rozkosz\/#primaryimage"},"thumbnailUrl":"https:\/\/thealloy.pl\/wp-content\/uploads\/2025\/07\/dyfuzor-zapachowy-rozkosz.webp","datePublished":"2025-07-31T12:57:38+00:00","dateModified":"2025-07-31T12:58:58+00:00","breadcrumb":{"@id":"https:\/\/thealloy.pl\/produkt\/dyfuzor-zapachowy-rozkosz\/#breadcrumb"},"inLanguage":"en-GB","potentialAction":[{"@type":"ReadAction","target":["https:\/\/thealloy.pl\/produkt\/dyfuzor-zapachowy-rozkosz\/"]}]},{"@type":"ImageObject","inLanguage":"en-GB","@id":"https:\/\/thealloy.pl\/produkt\/dyfuzor-zapachowy-rozkosz\/#primaryimage","url":"https:\/\/thealloy.pl\/wp-content\/uploads\/2025\/07\/dyfuzor-zapachowy-rozkosz.webp","contentUrl":"https:\/\/thealloy.pl\/wp-content\/uploads\/2025\/07\/dyfuzor-zapachowy-rozkosz.webp","width":1920,"height":1931},{"@type":"BreadcrumbList","@id":"https:\/\/thealloy.pl\/produkt\/dyfuzor-zapachowy-rozkosz\/#breadcrumb","itemListElement":[{"@type":"ListItem","position":1,"name":"Strona g\u0142\u00f3wna","item":"https:\/\/thealloy.pl\/"},{"@type":"ListItem","position":2,"name":"Products","item":"https:\/\/thealloy.pl\/eng\/shop\/"},{"@type":"ListItem","position":3,"name":"No.3 Rozkosz"}]},{"@type":"WebSite","@id":"https:\/\/thealloy.pl\/eng\/#website","url":"https:\/\/thealloy.pl\/eng\/","name":"The Alloy","description":"Perfumy do pomieszcze\u0144","potentialAction":[{"@type":"SearchAction","target":{"@type":"EntryPoint","urlTemplate":"https:\/\/thealloy.pl\/eng\/?s={search_term_string}"},"query-input":{"@type":"PropertyValueSpecification","valueRequired":true,"valueName":"search_term_string"}}],"inLanguage":"en-GB"}]}},"_links":{"self":[{"href":"https:\/\/thealloy.pl\/eng\/wp-json\/wp\/v2\/product\/30","targetHints":{"allow":["GET"]}}],"collection":[{"href":"https:\/\/thealloy.pl\/eng\/wp-json\/wp\/v2\/product"}],"about":[{"href":"https:\/\/thealloy.pl\/eng\/wp-json\/wp\/v2\/types\/product"}],"version-history":[{"count":0,"href":"https:\/\/thealloy.pl\/eng\/wp-json\/wp\/v2\/product\/30\/revisions"}],"wp:featuredmedia":[{"embeddable":true,"href":"https:\/\/thealloy.pl\/eng\/wp-json\/wp\/v2\/media\/1599"}],"wp:attachment":[{"href":"https:\/\/thealloy.pl\/eng\/wp-json\/wp\/v2\/media?parent=30"}],"wp:term":[{"taxonomy":"product_brand","embeddable":true,"href":"https:\/\/thealloy.pl\/eng\/wp-json\/wp\/v2\/product_brand?post=30"},{"taxonomy":"product_cat","embeddable":true,"href":"https:\/\/thealloy.pl\/eng\/wp-json\/wp\/v2\/product_cat?post=30"},{"taxonomy":"product_tag","embeddable":true,"href":"https:\/\/thealloy.pl\/eng\/wp-json\/wp\/v2\/product_tag?post=30"}],"curies":[{"name":"wp","href":"https:\/\/api.w.org\/{rel}","templated":true}]}}