{"id":29,"date":"2025-07-31T14:56:41","date_gmt":"2025-07-31T12:56:41","guid":{"rendered":"https:\/\/themify.me\/demo\/themes\/ultra-horizontal\/?post_type=product&#038;p=346"},"modified":"2025-07-31T14:59:14","modified_gmt":"2025-07-31T12:59:14","slug":"dyfuzor-zapachowy-energia","status":"publish","type":"product","link":"https:\/\/thealloy.pl\/eng\/product\/dyfuzor-zapachowy-energia\/","title":{"rendered":"No.2 Energia"},"content":{"rendered":"<div class=\"thealloy-scent-wrapper\"><span class=\"scent-label\">Intensywno\u015b\u0107 zapachu:<\/span><div class=\"thealloy-scent-display\"><div class=\"scent-box active\">1<\/div><div class=\"scent-box active\">2<\/div><div class=\"scent-box active\">3<\/div><div class=\"scent-box active\">4<\/div><div class=\"scent-box\">5<\/div><div class=\"scent-box\">6<\/div><\/div><\/div>\n<p>Wolne od ftalan\u00f3w i paraben\u00f3w.<\/p>\n<p><strong>Wyprodukowano w Polsce<\/strong><\/p>","protected":false},"excerpt":{"rendered":"<p><strong>Aromatyczny dyfuzor powietrza o orze\u017awiaj\u0105cym zapachu li\u015bci kaffiru, limonki i tajskiej bazylii<\/strong><\/p>\n<p>Rze\u015bki wibruj\u0105cy aromat limonki i tajskiej bazylii idealnie regeneruj\u0105cy i dodaj\u0105cy energii. Patyczki rattanowe uwalniaj\u0105 aromat, kt\u00f3ry b\u0119dzie unosi\u0142 si\u0119 w pomieszczeniu przez ok. 4 tygodnie.<\/p>","protected":false},"featured_media":1601,"template":"","meta":[],"product_brand":[],"product_cat":[37,29],"product_tag":[],"class_list":{"0":"post-29","1":"product","2":"type-product","3":"status-publish","4":"has-post-thumbnail","6":"product_cat-cytrusowe","7":"product_cat-dyfuzory-zapachowe","9":"first","10":"instock","11":"taxable","12":"shipping-taxable","13":"purchasable","14":"product-type-simple"},"yoast_head":"<!-- This site is optimized with the Yoast SEO plugin v27.2 - https:\/\/yoast.com\/product\/yoast-seo-wordpress\/ -->\n<title>No.2 Energia - The Alloy<\/title>\n<meta name=\"robots\" content=\"index, follow, max-snippet:-1, max-image-preview:large, max-video-preview:-1\" \/>\n<link rel=\"canonical\" href=\"https:\/\/thealloy.pl\/eng\/product\/dyfuzor-zapachowy-energia\/\" \/>\n<meta property=\"og:locale\" content=\"en_GB\" \/>\n<meta property=\"og:type\" content=\"article\" \/>\n<meta property=\"og:title\" content=\"No.2 Energia - The Alloy\" \/>\n<meta property=\"og:description\" content=\"Aromatyczny dyfuzor powietrza o orze\u017awiaj\u0105cym zapachu li\u015bci kaffiru, limonki i tajskiej bazylii  Rze\u015bki wibruj\u0105cy aromat limonki i tajskiej bazylii idealnie regeneruj\u0105cy i dodaj\u0105cy energii. Patyczki rattanowe uwalniaj\u0105 aromat, kt\u00f3ry b\u0119dzie unosi\u0142 si\u0119 w pomieszczeniu przez ok. 4 tygodnie.\" \/>\n<meta property=\"og:url\" content=\"https:\/\/thealloy.pl\/eng\/product\/dyfuzor-zapachowy-energia\/\" \/>\n<meta property=\"og:site_name\" content=\"The Alloy\" \/>\n<meta property=\"article:modified_time\" content=\"2025-07-31T12:59:14+00:00\" \/>\n<meta property=\"og:image\" content=\"https:\/\/thealloy.pl\/wp-content\/uploads\/2025\/07\/dyfuzor-zapachowy-energia.webp\" \/>\n\t<meta property=\"og:image:width\" content=\"1920\" \/>\n\t<meta property=\"og:image:height\" content=\"1931\" \/>\n\t<meta property=\"og:image:type\" content=\"image\/webp\" \/>\n<meta name=\"twitter:card\" content=\"summary_large_image\" \/>\n<script type=\"application\/ld+json\" class=\"yoast-schema-graph\">{\"@context\":\"https:\/\/schema.org\",\"@graph\":[{\"@type\":\"WebPage\",\"@id\":\"https:\/\/thealloy.pl\/eng\/product\/dyfuzor-zapachowy-energia\/\",\"url\":\"https:\/\/thealloy.pl\/eng\/product\/dyfuzor-zapachowy-energia\/\",\"name\":\"No.2 Energia - The Alloy\",\"isPartOf\":{\"@id\":\"https:\/\/thealloy.pl\/eng\/#website\"},\"primaryImageOfPage\":{\"@id\":\"https:\/\/thealloy.pl\/eng\/product\/dyfuzor-zapachowy-energia\/#primaryimage\"},\"image\":{\"@id\":\"https:\/\/thealloy.pl\/eng\/product\/dyfuzor-zapachowy-energia\/#primaryimage\"},\"thumbnailUrl\":\"https:\/\/thealloy.pl\/wp-content\/uploads\/2025\/07\/dyfuzor-zapachowy-energia.webp\",\"datePublished\":\"2025-07-31T12:56:41+00:00\",\"dateModified\":\"2025-07-31T12:59:14+00:00\",\"breadcrumb\":{\"@id\":\"https:\/\/thealloy.pl\/eng\/product\/dyfuzor-zapachowy-energia\/#breadcrumb\"},\"inLanguage\":\"en-GB\",\"potentialAction\":[{\"@type\":\"ReadAction\",\"target\":[\"https:\/\/thealloy.pl\/eng\/product\/dyfuzor-zapachowy-energia\/\"]}]},{\"@type\":\"ImageObject\",\"inLanguage\":\"en-GB\",\"@id\":\"https:\/\/thealloy.pl\/eng\/product\/dyfuzor-zapachowy-energia\/#primaryimage\",\"url\":\"https:\/\/thealloy.pl\/wp-content\/uploads\/2025\/07\/dyfuzor-zapachowy-energia.webp\",\"contentUrl\":\"https:\/\/thealloy.pl\/wp-content\/uploads\/2025\/07\/dyfuzor-zapachowy-energia.webp\",\"width\":1920,\"height\":1931},{\"@type\":\"BreadcrumbList\",\"@id\":\"https:\/\/thealloy.pl\/eng\/product\/dyfuzor-zapachowy-energia\/#breadcrumb\",\"itemListElement\":[{\"@type\":\"ListItem\",\"position\":1,\"name\":\"Strona g\u0142\u00f3wna\",\"item\":\"https:\/\/thealloy.pl\/\"},{\"@type\":\"ListItem\",\"position\":2,\"name\":\"Products\",\"item\":\"https:\/\/thealloy.pl\/eng\/shop\/\"},{\"@type\":\"ListItem\",\"position\":3,\"name\":\"No.2 Energia\"}]},{\"@type\":\"WebSite\",\"@id\":\"https:\/\/thealloy.pl\/eng\/#website\",\"url\":\"https:\/\/thealloy.pl\/eng\/\",\"name\":\"The Alloy\",\"description\":\"Perfumy do pomieszcze\u0144\",\"potentialAction\":[{\"@type\":\"SearchAction\",\"target\":{\"@type\":\"EntryPoint\",\"urlTemplate\":\"https:\/\/thealloy.pl\/eng\/?s={search_term_string}\"},\"query-input\":{\"@type\":\"PropertyValueSpecification\",\"valueRequired\":true,\"valueName\":\"search_term_string\"}}],\"inLanguage\":\"en-GB\"}]}<\/script>\n<!-- \/ Yoast SEO plugin. -->","yoast_head_json":{"title":"No.2 Energia - The Alloy","robots":{"index":"index","follow":"follow","max-snippet":"max-snippet:-1","max-image-preview":"max-image-preview:large","max-video-preview":"max-video-preview:-1"},"canonical":"https:\/\/thealloy.pl\/eng\/product\/dyfuzor-zapachowy-energia\/","og_locale":"en_GB","og_type":"article","og_title":"No.2 Energia - The Alloy","og_description":"Aromatyczny dyfuzor powietrza o orze\u017awiaj\u0105cym zapachu li\u015bci kaffiru, limonki i tajskiej bazylii  Rze\u015bki wibruj\u0105cy aromat limonki i tajskiej bazylii idealnie regeneruj\u0105cy i dodaj\u0105cy energii. Patyczki rattanowe uwalniaj\u0105 aromat, kt\u00f3ry b\u0119dzie unosi\u0142 si\u0119 w pomieszczeniu przez ok. 4 tygodnie.","og_url":"https:\/\/thealloy.pl\/eng\/product\/dyfuzor-zapachowy-energia\/","og_site_name":"The Alloy","article_modified_time":"2025-07-31T12:59:14+00:00","og_image":[{"width":1920,"height":1931,"url":"https:\/\/thealloy.pl\/wp-content\/uploads\/2025\/07\/dyfuzor-zapachowy-energia.webp","type":"image\/webp"}],"twitter_card":"summary_large_image","schema":{"@context":"https:\/\/schema.org","@graph":[{"@type":"WebPage","@id":"https:\/\/thealloy.pl\/eng\/product\/dyfuzor-zapachowy-energia\/","url":"https:\/\/thealloy.pl\/eng\/product\/dyfuzor-zapachowy-energia\/","name":"No.2 Energia - The Alloy","isPartOf":{"@id":"https:\/\/thealloy.pl\/eng\/#website"},"primaryImageOfPage":{"@id":"https:\/\/thealloy.pl\/eng\/product\/dyfuzor-zapachowy-energia\/#primaryimage"},"image":{"@id":"https:\/\/thealloy.pl\/eng\/product\/dyfuzor-zapachowy-energia\/#primaryimage"},"thumbnailUrl":"https:\/\/thealloy.pl\/wp-content\/uploads\/2025\/07\/dyfuzor-zapachowy-energia.webp","datePublished":"2025-07-31T12:56:41+00:00","dateModified":"2025-07-31T12:59:14+00:00","breadcrumb":{"@id":"https:\/\/thealloy.pl\/eng\/product\/dyfuzor-zapachowy-energia\/#breadcrumb"},"inLanguage":"en-GB","potentialAction":[{"@type":"ReadAction","target":["https:\/\/thealloy.pl\/eng\/product\/dyfuzor-zapachowy-energia\/"]}]},{"@type":"ImageObject","inLanguage":"en-GB","@id":"https:\/\/thealloy.pl\/eng\/product\/dyfuzor-zapachowy-energia\/#primaryimage","url":"https:\/\/thealloy.pl\/wp-content\/uploads\/2025\/07\/dyfuzor-zapachowy-energia.webp","contentUrl":"https:\/\/thealloy.pl\/wp-content\/uploads\/2025\/07\/dyfuzor-zapachowy-energia.webp","width":1920,"height":1931},{"@type":"BreadcrumbList","@id":"https:\/\/thealloy.pl\/eng\/product\/dyfuzor-zapachowy-energia\/#breadcrumb","itemListElement":[{"@type":"ListItem","position":1,"name":"Strona g\u0142\u00f3wna","item":"https:\/\/thealloy.pl\/"},{"@type":"ListItem","position":2,"name":"Products","item":"https:\/\/thealloy.pl\/eng\/shop\/"},{"@type":"ListItem","position":3,"name":"No.2 Energia"}]},{"@type":"WebSite","@id":"https:\/\/thealloy.pl\/eng\/#website","url":"https:\/\/thealloy.pl\/eng\/","name":"The Alloy","description":"Perfumy do pomieszcze\u0144","potentialAction":[{"@type":"SearchAction","target":{"@type":"EntryPoint","urlTemplate":"https:\/\/thealloy.pl\/eng\/?s={search_term_string}"},"query-input":{"@type":"PropertyValueSpecification","valueRequired":true,"valueName":"search_term_string"}}],"inLanguage":"en-GB"}]}},"_links":{"self":[{"href":"https:\/\/thealloy.pl\/eng\/wp-json\/wp\/v2\/product\/29","targetHints":{"allow":["GET"]}}],"collection":[{"href":"https:\/\/thealloy.pl\/eng\/wp-json\/wp\/v2\/product"}],"about":[{"href":"https:\/\/thealloy.pl\/eng\/wp-json\/wp\/v2\/types\/product"}],"version-history":[{"count":0,"href":"https:\/\/thealloy.pl\/eng\/wp-json\/wp\/v2\/product\/29\/revisions"}],"wp:featuredmedia":[{"embeddable":true,"href":"https:\/\/thealloy.pl\/eng\/wp-json\/wp\/v2\/media\/1601"}],"wp:attachment":[{"href":"https:\/\/thealloy.pl\/eng\/wp-json\/wp\/v2\/media?parent=29"}],"wp:term":[{"taxonomy":"product_brand","embeddable":true,"href":"https:\/\/thealloy.pl\/eng\/wp-json\/wp\/v2\/product_brand?post=29"},{"taxonomy":"product_cat","embeddable":true,"href":"https:\/\/thealloy.pl\/eng\/wp-json\/wp\/v2\/product_cat?post=29"},{"taxonomy":"product_tag","embeddable":true,"href":"https:\/\/thealloy.pl\/eng\/wp-json\/wp\/v2\/product_tag?post=29"}],"curies":[{"name":"wp","href":"https:\/\/api.w.org\/{rel}","templated":true}]}}