{"id":2064,"date":"2025-07-31T15:00:06","date_gmt":"2025-07-31T13:00:06","guid":{"rendered":"https:\/\/thealloy.pl\/dev_site\/?post_type=product&#038;p=2064"},"modified":"2025-07-31T14:57:46","modified_gmt":"2025-07-31T12:57:46","slug":"no-6-synergia","status":"publish","type":"product","link":"https:\/\/thealloy.pl\/eng\/product\/no-6-synergia\/","title":{"rendered":"No.6 Synergia"},"content":{"rendered":"<div class=\"thealloy-scent-wrapper\"><span class=\"scent-label\">Intensywno\u015b\u0107 zapachu:<\/span><div class=\"thealloy-scent-display\"><div class=\"scent-box active\">1<\/div><div class=\"scent-box active\">2<\/div><div class=\"scent-box active\">3<\/div><div class=\"scent-box active\">4<\/div><div class=\"scent-box active\">5<\/div><div class=\"scent-box\">6<\/div><\/div><\/div>\n<p>Wolne od ftalan\u00f3w i paraben\u00f3w.<\/p>\n<p><strong>Wyprodukowano w Polsce<\/strong><\/p>","protected":false},"excerpt":{"rendered":"<p><strong>Aromatyczny dyfuzor powietrza o orze\u017awiaj\u0105cym zapachu li\u015bci kaffiru, limonki i tajskiej bazylii.<\/strong><\/p>\n<p>Rze\u015bki, wibruj\u0105cy aromat limonki i tajskiej bazylii idealnie regeneruje i dodaje energii. Patyczki rattanowe uwalniaj\u0105 aromat, kt\u00f3ry b\u0119dzie unosi\u0142 si\u0119 w pomieszczeniu przez ok. 4 tygodnie.<\/p>","protected":false},"featured_media":1604,"template":"","meta":[],"product_brand":[],"product_cat":[37,29],"product_tag":[],"class_list":{"0":"post-2064","1":"product","2":"type-product","3":"status-publish","4":"has-post-thumbnail","6":"product_cat-cytrusowe","7":"product_cat-dyfuzory-zapachowe","9":"first","10":"instock","11":"taxable","12":"shipping-taxable","13":"purchasable","14":"product-type-simple"},"yoast_head":"<!-- This site is optimized with the Yoast SEO plugin v27.2 - https:\/\/yoast.com\/product\/yoast-seo-wordpress\/ -->\n<title>No.6 Synergia - The Alloy<\/title>\n<meta name=\"robots\" content=\"index, follow, max-snippet:-1, max-image-preview:large, max-video-preview:-1\" \/>\n<link rel=\"canonical\" href=\"https:\/\/thealloy.pl\/eng\/product\/no-6-synergia\/\" \/>\n<meta property=\"og:locale\" content=\"en_GB\" \/>\n<meta property=\"og:type\" content=\"article\" \/>\n<meta property=\"og:title\" content=\"No.6 Synergia - The Alloy\" \/>\n<meta property=\"og:description\" content=\"Aromatyczny dyfuzor powietrza o orze\u017awiaj\u0105cym zapachu li\u015bci kaffiru, limonki i tajskiej bazylii.  Rze\u015bki, wibruj\u0105cy aromat limonki i tajskiej bazylii idealnie regeneruje i dodaje energii. Patyczki rattanowe uwalniaj\u0105 aromat, kt\u00f3ry b\u0119dzie unosi\u0142 si\u0119 w pomieszczeniu przez ok. 4 tygodnie.\" \/>\n<meta property=\"og:url\" content=\"https:\/\/thealloy.pl\/eng\/product\/no-6-synergia\/\" \/>\n<meta property=\"og:site_name\" content=\"The Alloy\" \/>\n<meta property=\"og:image\" content=\"https:\/\/thealloy.pl\/wp-content\/uploads\/2025\/07\/dyfuzor-zapachowy-synergia.webp\" \/>\n\t<meta property=\"og:image:width\" content=\"560\" \/>\n\t<meta property=\"og:image:height\" content=\"560\" \/>\n\t<meta property=\"og:image:type\" content=\"image\/webp\" \/>\n<meta name=\"twitter:card\" content=\"summary_large_image\" \/>\n<script type=\"application\/ld+json\" class=\"yoast-schema-graph\">{\"@context\":\"https:\/\/schema.org\",\"@graph\":[{\"@type\":\"WebPage\",\"@id\":\"https:\/\/thealloy.pl\/produkt\/no-6-synergia\/\",\"url\":\"https:\/\/thealloy.pl\/produkt\/no-6-synergia\/\",\"name\":\"No.6 Synergia - The Alloy\",\"isPartOf\":{\"@id\":\"https:\/\/thealloy.pl\/eng\/#website\"},\"primaryImageOfPage\":{\"@id\":\"https:\/\/thealloy.pl\/produkt\/no-6-synergia\/#primaryimage\"},\"image\":{\"@id\":\"https:\/\/thealloy.pl\/produkt\/no-6-synergia\/#primaryimage\"},\"thumbnailUrl\":\"https:\/\/thealloy.pl\/wp-content\/uploads\/2025\/07\/dyfuzor-zapachowy-synergia.webp\",\"datePublished\":\"2025-07-31T13:00:06+00:00\",\"breadcrumb\":{\"@id\":\"https:\/\/thealloy.pl\/produkt\/no-6-synergia\/#breadcrumb\"},\"inLanguage\":\"en-GB\",\"potentialAction\":[{\"@type\":\"ReadAction\",\"target\":[\"https:\/\/thealloy.pl\/produkt\/no-6-synergia\/\"]}]},{\"@type\":\"ImageObject\",\"inLanguage\":\"en-GB\",\"@id\":\"https:\/\/thealloy.pl\/produkt\/no-6-synergia\/#primaryimage\",\"url\":\"https:\/\/thealloy.pl\/wp-content\/uploads\/2025\/07\/dyfuzor-zapachowy-synergia.webp\",\"contentUrl\":\"https:\/\/thealloy.pl\/wp-content\/uploads\/2025\/07\/dyfuzor-zapachowy-synergia.webp\",\"width\":560,\"height\":560},{\"@type\":\"BreadcrumbList\",\"@id\":\"https:\/\/thealloy.pl\/produkt\/no-6-synergia\/#breadcrumb\",\"itemListElement\":[{\"@type\":\"ListItem\",\"position\":1,\"name\":\"Strona g\u0142\u00f3wna\",\"item\":\"https:\/\/thealloy.pl\/\"},{\"@type\":\"ListItem\",\"position\":2,\"name\":\"Products\",\"item\":\"https:\/\/thealloy.pl\/eng\/shop\/\"},{\"@type\":\"ListItem\",\"position\":3,\"name\":\"No.6 Synergia\"}]},{\"@type\":\"WebSite\",\"@id\":\"https:\/\/thealloy.pl\/eng\/#website\",\"url\":\"https:\/\/thealloy.pl\/eng\/\",\"name\":\"The Alloy\",\"description\":\"Perfumy do pomieszcze\u0144\",\"potentialAction\":[{\"@type\":\"SearchAction\",\"target\":{\"@type\":\"EntryPoint\",\"urlTemplate\":\"https:\/\/thealloy.pl\/eng\/?s={search_term_string}\"},\"query-input\":{\"@type\":\"PropertyValueSpecification\",\"valueRequired\":true,\"valueName\":\"search_term_string\"}}],\"inLanguage\":\"en-GB\"}]}<\/script>\n<!-- \/ Yoast SEO plugin. -->","yoast_head_json":{"title":"No.6 Synergia - The Alloy","robots":{"index":"index","follow":"follow","max-snippet":"max-snippet:-1","max-image-preview":"max-image-preview:large","max-video-preview":"max-video-preview:-1"},"canonical":"https:\/\/thealloy.pl\/eng\/product\/no-6-synergia\/","og_locale":"en_GB","og_type":"article","og_title":"No.6 Synergia - The Alloy","og_description":"Aromatyczny dyfuzor powietrza o orze\u017awiaj\u0105cym zapachu li\u015bci kaffiru, limonki i tajskiej bazylii.  Rze\u015bki, wibruj\u0105cy aromat limonki i tajskiej bazylii idealnie regeneruje i dodaje energii. Patyczki rattanowe uwalniaj\u0105 aromat, kt\u00f3ry b\u0119dzie unosi\u0142 si\u0119 w pomieszczeniu przez ok. 4 tygodnie.","og_url":"https:\/\/thealloy.pl\/eng\/product\/no-6-synergia\/","og_site_name":"The Alloy","og_image":[{"width":560,"height":560,"url":"https:\/\/thealloy.pl\/wp-content\/uploads\/2025\/07\/dyfuzor-zapachowy-synergia.webp","type":"image\/webp"}],"twitter_card":"summary_large_image","schema":{"@context":"https:\/\/schema.org","@graph":[{"@type":"WebPage","@id":"https:\/\/thealloy.pl\/produkt\/no-6-synergia\/","url":"https:\/\/thealloy.pl\/produkt\/no-6-synergia\/","name":"No.6 Synergia - The Alloy","isPartOf":{"@id":"https:\/\/thealloy.pl\/eng\/#website"},"primaryImageOfPage":{"@id":"https:\/\/thealloy.pl\/produkt\/no-6-synergia\/#primaryimage"},"image":{"@id":"https:\/\/thealloy.pl\/produkt\/no-6-synergia\/#primaryimage"},"thumbnailUrl":"https:\/\/thealloy.pl\/wp-content\/uploads\/2025\/07\/dyfuzor-zapachowy-synergia.webp","datePublished":"2025-07-31T13:00:06+00:00","breadcrumb":{"@id":"https:\/\/thealloy.pl\/produkt\/no-6-synergia\/#breadcrumb"},"inLanguage":"en-GB","potentialAction":[{"@type":"ReadAction","target":["https:\/\/thealloy.pl\/produkt\/no-6-synergia\/"]}]},{"@type":"ImageObject","inLanguage":"en-GB","@id":"https:\/\/thealloy.pl\/produkt\/no-6-synergia\/#primaryimage","url":"https:\/\/thealloy.pl\/wp-content\/uploads\/2025\/07\/dyfuzor-zapachowy-synergia.webp","contentUrl":"https:\/\/thealloy.pl\/wp-content\/uploads\/2025\/07\/dyfuzor-zapachowy-synergia.webp","width":560,"height":560},{"@type":"BreadcrumbList","@id":"https:\/\/thealloy.pl\/produkt\/no-6-synergia\/#breadcrumb","itemListElement":[{"@type":"ListItem","position":1,"name":"Strona g\u0142\u00f3wna","item":"https:\/\/thealloy.pl\/"},{"@type":"ListItem","position":2,"name":"Products","item":"https:\/\/thealloy.pl\/eng\/shop\/"},{"@type":"ListItem","position":3,"name":"No.6 Synergia"}]},{"@type":"WebSite","@id":"https:\/\/thealloy.pl\/eng\/#website","url":"https:\/\/thealloy.pl\/eng\/","name":"The Alloy","description":"Perfumy do pomieszcze\u0144","potentialAction":[{"@type":"SearchAction","target":{"@type":"EntryPoint","urlTemplate":"https:\/\/thealloy.pl\/eng\/?s={search_term_string}"},"query-input":{"@type":"PropertyValueSpecification","valueRequired":true,"valueName":"search_term_string"}}],"inLanguage":"en-GB"}]}},"_links":{"self":[{"href":"https:\/\/thealloy.pl\/eng\/wp-json\/wp\/v2\/product\/2064","targetHints":{"allow":["GET"]}}],"collection":[{"href":"https:\/\/thealloy.pl\/eng\/wp-json\/wp\/v2\/product"}],"about":[{"href":"https:\/\/thealloy.pl\/eng\/wp-json\/wp\/v2\/types\/product"}],"version-history":[{"count":0,"href":"https:\/\/thealloy.pl\/eng\/wp-json\/wp\/v2\/product\/2064\/revisions"}],"wp:featuredmedia":[{"embeddable":true,"href":"https:\/\/thealloy.pl\/eng\/wp-json\/wp\/v2\/media\/1604"}],"wp:attachment":[{"href":"https:\/\/thealloy.pl\/eng\/wp-json\/wp\/v2\/media?parent=2064"}],"wp:term":[{"taxonomy":"product_brand","embeddable":true,"href":"https:\/\/thealloy.pl\/eng\/wp-json\/wp\/v2\/product_brand?post=2064"},{"taxonomy":"product_cat","embeddable":true,"href":"https:\/\/thealloy.pl\/eng\/wp-json\/wp\/v2\/product_cat?post=2064"},{"taxonomy":"product_tag","embeddable":true,"href":"https:\/\/thealloy.pl\/eng\/wp-json\/wp\/v2\/product_tag?post=2064"}],"curies":[{"name":"wp","href":"https:\/\/api.w.org\/{rel}","templated":true}]}}